{"id":7854,"date":"2025-07-03T21:23:02","date_gmt":"2025-07-03T21:23:02","guid":{"rendered":"https:\/\/profskin.ee\/?post_type=product&#038;p=7854"},"modified":"2026-03-18T15:35:10","modified_gmt":"2026-03-18T15:35:10","slug":"balance-cleanning-mousse","status":"publish","type":"product","link":"https:\/\/profskin.ee\/et\/toode\/balance-cleanning-mousse\/","title":{"rendered":"Balance Cleanning Mousse"},"content":{"rendered":"<h6>N\u00e4opuhastusvaht rasueritust reguleerivate ja puhastavate omadustega. Selle vedel konsistents muutub v\u00e4rskeks ja kergeks vahuks, mis eemaldab \u00f5rnalt naha pinnale kogunenud lisandid ja liigse rasu, samuti meigij\u00e4\u00e4gid, puhastades nahka s\u00fcgavuti ilma \u00e4rritust tekitamata. Sobib kombineeritud ja aknele kalduvale rasusele nahale.<\/h6>\n<p>Puhas, v\u00e4rske, matt ja sametine nahk.<\/p>\n<div class=\"em-row\">\n<div class=\"em-lg-4 em-col\">\n<h6 class=\"em-font-medium\" style=\"margin-top: 1.2rem; margin-bottom: 1.2rem;\">Toimingud<\/h6>\n<ul>\n<li>Puhastamine.<\/li>\n<li>Tasakaalustamine.<\/li>\n<\/ul>\n<h6 class=\"em-font-medium\" style=\"margin-top: 1.2rem; margin-bottom: 1.2rem;\">Kuidas kasutada<\/h6>\n<ul>\n<li>Kanna 2 v\u00f5i 3 pumpamist toodet peopesale ja kanna see ringjate liigutustega n\u00e4ole, kaelale ja dekolteele, kuni meik ja \u00fclej\u00e4\u00e4nud lisandid on maha h\u00f5\u00f5rutud. Loputa veega ja kuivata.<\/li>\n<li>NIPP: T\u00e4ienda n\u00e4opuhastust BALANCING LOTION n\u00e4otoonikut (rasusele ja\/v\u00f5i aknele kalduvale nahale) v\u00f5i GLACIAR SOFT LOTION n\u00e4ovett (normaalsele ja\/v\u00f5i kombineeritud nahale) kandes.<\/li>\n<\/ul><\/div>\n<div class=\"em-lg-4 em-col\">\n<h6 class=\"em-font-medium\" style=\"margin-top: 1.2rem; margin-bottom: 1.2rem;\">Toimeained ja koostisosad<\/h6>\n<ul>\n<li><strong>OCALINE\u2122 PF<\/strong>: \u00dchendab MEREVEE (Maris Aqua) ja K\u00d5RVITSASEEMNE EKSTRAKTI (Curcubita Pepo Seed Extract) toime. Merevee k\u00f5rge mineraalsoolade kontsentratsioon avaldab nahale kokkut\u00f5mbavat toimet, mis soodustab vistrike ja mustpeade eemaldamist, muutes selle heaks looduslikuks vahendiks rasuse ja aknele kalduva naha rakulise tasakaalu s\u00e4ilitamiseks. K\u00f5rvitsaseemneekstrakt on rikas ens\u00fc\u00fcmide poolest, millel on v\u00f5ime stimuleerida rakkude uuenemist, koorida, puhastada ja puhastada nahka. Lisaks soodustab see t\u00e4nu k\u00f5rgele tsingisisaldusele rakkude kasvu ja taastumist.<\/li>\n<li><strong>GL\u00dcTSERIIN (gl\u00fctseriin)<\/strong>See p\u00e4rineb taimedest ja suurendab veemolekulide kogunemist, parandades sarvkesta kihi niiskust.<\/li>\n<li><strong>Muud<\/strong>KOOSTIS: VESI, NAATRIUMLAUREETSULFAAT, GL\u00dcTSERIIN, KOKO\u00dc\u00dcLMET\u00dc\u00dcLGL\u00dcKAMIID, PEG-7 GL\u00dcTSER\u00dc\u00dcLKOKOAAT, PROP\u00dcLEENGL\u00dcKOOL, KAPRO\u00dc\u00dcL\/KAPR\u00dc\u00dcLMET\u00dc\u00dcLGL\u00dcKAMIID, PARF\u00dc\u00dcM, MEREVESI, SIDRUNHAPE, KURKSU SEEMNE EKSTRAKT, BENSOFENOON-4, CI 19140, CI 42051, NAATRIUMBENSOAAT, KAALIUMSORBAAT, FENOKS\u00dcETANOOL, MET\u00dc\u00dcLISOTIASOLINOON, MET\u00dc\u00dcLKLOROISOTIASOLINOON.<\/li>\n<\/ul><\/div>\n<\/div>","protected":false},"excerpt":{"rendered":"<p>N\u00e4opuhastusvaht rasueritust reguleerivate ja puhastavate omadustega.<\/p>","protected":false},"featured_media":7882,"template":"","meta":[],"product_brand":[67,66,68],"product_cat":[15,73,71,69,74,75,76,72,77,70],"product_tag":[],"class_list":{"0":"post-7854","1":"product","2":"type-product","3":"status-publish","4":"has-post-thumbnail","6":"product_brand-endor-technologies","7":"product_brand-juliette-armand","8":"product_brand-summe-cosmetics","9":"product_cat-all-products","10":"product_cat-body","11":"product_cat-cleansers","12":"product_cat-cream","13":"product_cat-exfoliant","14":"product_cat-eye","15":"product_cat-fluid","16":"product_cat-masks","17":"product_cat-oil","18":"product_cat-serum","20":"first","21":"instock","22":"sale","23":"taxable","24":"shipping-taxable","25":"purchasable","26":"product-type-simple"},"_links":{"self":[{"href":"https:\/\/profskin.ee\/et\/wp-json\/wp\/v2\/product\/7854","targetHints":{"allow":["GET"]}}],"collection":[{"href":"https:\/\/profskin.ee\/et\/wp-json\/wp\/v2\/product"}],"about":[{"href":"https:\/\/profskin.ee\/et\/wp-json\/wp\/v2\/types\/product"}],"wp:featuredmedia":[{"embeddable":true,"href":"https:\/\/profskin.ee\/et\/wp-json\/wp\/v2\/media\/7882"}],"wp:attachment":[{"href":"https:\/\/profskin.ee\/et\/wp-json\/wp\/v2\/media?parent=7854"}],"wp:term":[{"taxonomy":"product_brand","embeddable":true,"href":"https:\/\/profskin.ee\/et\/wp-json\/wp\/v2\/product_brand?post=7854"},{"taxonomy":"product_cat","embeddable":true,"href":"https:\/\/profskin.ee\/et\/wp-json\/wp\/v2\/product_cat?post=7854"},{"taxonomy":"product_tag","embeddable":true,"href":"https:\/\/profskin.ee\/et\/wp-json\/wp\/v2\/product_tag?post=7854"}],"curies":[{"name":"t\u00f6\u00f6leht","href":"https:\/\/api.w.org\/{rel}","templated":true}]}}