{"id":7855,"date":"2025-07-03T21:23:02","date_gmt":"2025-07-03T21:23:02","guid":{"rendered":"https:\/\/profskin.ee\/?post_type=product&#038;p=7855"},"modified":"2026-03-18T15:34:27","modified_gmt":"2026-03-18T15:34:27","slug":"balancing-lotion","status":"publish","type":"product","link":"https:\/\/profskin.ee\/et\/toode\/balancing-lotion\/","title":{"rendered":"Tasakaalustav kreem"},"content":{"rendered":"<h6>N\u00e4otoonik koos kokkut\u00f5mbava ja matistava toimega kombineeritud ja\/v\u00f5i rasusele, aknele kalduvale nahale. Selle peamine toime on liigse rasuerituse kontrollimine ja naha pH taastamine. Happeline toonik AHA-hapetega.<\/h6>\n<p>Tasakaalustatud, v\u00e4rske ja \u00fchtlase tooniga nahk.<\/p>\n<div class=\"em-row\">\n<div class=\"em-lg-4 em-col\">\n<h6 class=\"em-font-medium\" style=\"margin-top: 1.2rem; margin-bottom: 1.2rem;\">Toimingud<\/h6>\n<ul>\n<li>V\u00e4rskendav.<\/li>\n<li>Tasakaalustamine.<\/li>\n<li>Noorendav.<\/li>\n<\/ul>\n<h6 class=\"em-font-medium\" style=\"margin-top: 1.2rem; margin-bottom: 1.2rem;\">Kuidas kasutada<\/h6>\n<ul>\n<li>Kanna kolm pumpamist toodet k\u00e4te, vatipadja v\u00f5i pihustiga kogu n\u00e4ole, kaelale ja dekolteele. Lase loomulikult kuivada. \u00c4ra loputa.<\/li>\n<li>Kasutage iga p\u00e4ev, hommikul ja \u00f5htul, olenemata kasutatud n\u00e4opuhastusvahendist (puhastuspiim, -vaht v\u00f5i -geel).<\/li>\n<\/ul><\/div>\n<div class=\"em-lg-4 em-col\">\n<h6 class=\"em-font-medium\" style=\"margin-top: 1.2rem; margin-bottom: 1.2rem;\">Toimeained ja koostisosad<\/h6>\n<ul>\n<li><strong>IIRISE JUUREKSTRAKT (Iris Florentina juureekstrakt)<\/strong>Taim, mis kuulub iiriseliste sugukonda. Selle peamine \u00fclesanne on reguleerida rasueritust, aidates taastada epidermise niiskustaset.<\/li>\n<li><strong>TSINKSULFAADI (tsinksulfaat)<\/strong>Mineraal, mis on eriti efektiivne \u00e4rrituste ja paiksete kahjustuste vastu, mis on seotud Propionibacterium Acnes nahabakterite tekitatud p\u00f5letiku ja akneinfektsioonidega.<\/li>\n<li><strong>Muud<\/strong>KOOSTIS: VESI, PROPAANDIOOL, PROP\u00dcLEENGL\u00dcKOOL, DENAATNE ALKOHOL, IRIS FLORENTINA JUUREKSTRAKT, TSINKSULFAAT, GL\u00dcKOOLHAPE, PIIMHAPE, SIDRUNHAPE, VIINHAPE, RETINY\u00dcLPALMITAAT, PEG-40 H\u00dcDROGENISEERITUD RITSINUS\u00d5LI, BENSOFENOON-4, NAATRIUMH\u00dcDROKSIID, CI 19140, CI 42051, FENOKS\u00dcETANOOL, ET\u00dc\u00dcLHEKS\u00dc\u00dcLGL\u00dcTSERIIN, PARF\u00dc\u00dcM, LINALOOL, LIMONEEN.<\/li>\n<\/ul><\/div>\n<\/div>","protected":false},"excerpt":{"rendered":"<p>N\u00e4otoonik-losjoon kokkut\u00f5mbava ja matistava toimega kombineeritud ja\/v\u00f5i rasusele, aknele kalduvale nahale.<\/p>","protected":false},"featured_media":7883,"template":"","meta":[],"product_brand":[67,66,68],"product_cat":[15,73,71,69,74,75,76,72,77,70],"product_tag":[],"class_list":{"0":"post-7855","1":"product","2":"type-product","3":"status-publish","4":"has-post-thumbnail","6":"product_brand-endor-technologies","7":"product_brand-juliette-armand","8":"product_brand-summe-cosmetics","9":"product_cat-all-products","10":"product_cat-body","11":"product_cat-cleansers","12":"product_cat-cream","13":"product_cat-exfoliant","14":"product_cat-eye","15":"product_cat-fluid","16":"product_cat-masks","17":"product_cat-oil","18":"product_cat-serum","20":"first","21":"instock","22":"sale","23":"taxable","24":"shipping-taxable","25":"purchasable","26":"product-type-simple"},"_links":{"self":[{"href":"https:\/\/profskin.ee\/et\/wp-json\/wp\/v2\/product\/7855","targetHints":{"allow":["GET"]}}],"collection":[{"href":"https:\/\/profskin.ee\/et\/wp-json\/wp\/v2\/product"}],"about":[{"href":"https:\/\/profskin.ee\/et\/wp-json\/wp\/v2\/types\/product"}],"wp:featuredmedia":[{"embeddable":true,"href":"https:\/\/profskin.ee\/et\/wp-json\/wp\/v2\/media\/7883"}],"wp:attachment":[{"href":"https:\/\/profskin.ee\/et\/wp-json\/wp\/v2\/media?parent=7855"}],"wp:term":[{"taxonomy":"product_brand","embeddable":true,"href":"https:\/\/profskin.ee\/et\/wp-json\/wp\/v2\/product_brand?post=7855"},{"taxonomy":"product_cat","embeddable":true,"href":"https:\/\/profskin.ee\/et\/wp-json\/wp\/v2\/product_cat?post=7855"},{"taxonomy":"product_tag","embeddable":true,"href":"https:\/\/profskin.ee\/et\/wp-json\/wp\/v2\/product_tag?post=7855"}],"curies":[{"name":"t\u00f6\u00f6leht","href":"https:\/\/api.w.org\/{rel}","templated":true}]}}