{"id":7856,"date":"2025-07-03T21:23:02","date_gmt":"2025-07-03T21:23:02","guid":{"rendered":"https:\/\/profskin.ee\/?post_type=product&#038;p=7856"},"modified":"2026-03-18T15:27:40","modified_gmt":"2026-03-18T15:27:40","slug":"beclarity-clarifying-cleanser","status":"publish","type":"product","link":"https:\/\/profskin.ee\/et\/toode\/beclarity-clarifying-cleanser\/","title":{"rendered":"Beclarity Clarifying Cleanser"},"content":{"rendered":"<h6>N\u00e4opuhastusemulsioon selgitava toimega. Aitab eemaldada meigij\u00e4\u00e4ke ja naha pinnalt kogunenud lisandeid. \u00dchtlustab nahatooni \u00fchtlasema tulemuse saavutamiseks. Pehmendab pigmendi ebatasasusi, taastades kaotatud s\u00e4ra.<\/h6>\n<p>V\u00e4rske, \u00fchtlane ja tasakaalustatud nahk.<\/p>\n<div class=\"em-row\">\n<div class=\"em-lg-4 em-col\">\n<h6 class=\"em-font-medium\" style=\"margin-top: 1.2rem; margin-bottom: 1.2rem;\">Toimingud<\/h6>\n<ul>\n<li>Puhastamine.<\/li>\n<li>Tasakaalustamine.<\/li>\n<li>Selgitav.<\/li>\n<\/ul>\n<h6 class=\"em-font-medium\" style=\"margin-top: 1.2rem; margin-bottom: 1.2rem;\">Kuidas kasutada<\/h6>\n<ul>\n<li>Kanna 5 v\u00f5i 6 pumpamist toodet peopesale ja kanna see ringjate liigutustega \u00fcle kogu n\u00e4o, kaela ja dekoltee, kuni meik ja mustus on eemaldatud. Loputa veega ja kuivata.<\/li>\n<li>NIPP: T\u00e4ienda n\u00e4opuhastust GLACIAR SOFT LOTION n\u00e4otoonikut (segat\u00fc\u00fcpi ja kuivale nahale) v\u00f5i BALANCE BALANCING LOTION n\u00e4ovett (segat\u00fc\u00fcpi ja rasusele nahale).<\/li>\n<\/ul><\/div>\n<div class=\"em-lg-4 em-col\">\n<h6 class=\"em-font-medium\" style=\"margin-top: 1.2rem; margin-bottom: 1.2rem;\">Toimeained ja koostisosad<\/h6>\n<ul>\n<li><strong>PRONALEN PUUVILJAHAPPED<\/strong>Erinevate AHA-hapete segu, mis soodustab sarvkihi h\u00f5renemist, parandab naha elastsust ja stimuleerib naha enda niisutusmehhanisme.<\/li>\n<li><strong>Lagritsaekstrakt (Glycyrrhiza glabra juureekstrakt)<\/strong>Depigmenteeriv ja fotoprotektiivne.<\/li>\n<li><strong>Muud<\/strong>KOOSTIS: VESI, ISOPROP\u00dc\u00dcLM\u00dcRISTAAT, GL\u00dcTSERIIN, TSET\u00dc\u00dcLALKOHOL, BETAIN, ALOE BARBADENSIS&#039;E LEHE MAHL, GLYCYRRHIZA GLABRA JUUREKSTRAKT, GL\u00dcKOOLHAPE, PIIMHAPE, VIINHAPE, SIDRUNHAPE, KSANTAANKUMM, NAATRIUMLAUR\u00dc\u00dcLSULFAAT, FENOKS\u00dcETANOOL, ET\u00dc\u00dcLHEKS\u00dc\u00dcLGL\u00dcTSERIIN, PARF\u00dc\u00dcM, BENS\u00dc\u00dcLSALITS\u00dcLAAT, LINALOOL.<\/li>\n<\/ul><\/div>\n<\/div>","protected":false},"excerpt":{"rendered":"<p>N\u00e4opuhastusemulsioon selgitava toimega.<\/p>","protected":false},"featured_media":7884,"template":"","meta":[],"product_brand":[67,66,68],"product_cat":[15,73,71,69,74,75,76],"product_tag":[],"class_list":{"0":"post-7856","1":"product","2":"type-product","3":"status-publish","4":"has-post-thumbnail","6":"product_brand-endor-technologies","7":"product_brand-juliette-armand","8":"product_brand-summe-cosmetics","9":"product_cat-all-products","10":"product_cat-body","11":"product_cat-cleansers","12":"product_cat-cream","13":"product_cat-exfoliant","14":"product_cat-eye","15":"product_cat-fluid","17":"first","18":"instock","19":"sale","20":"taxable","21":"shipping-taxable","22":"purchasable","23":"product-type-simple"},"_links":{"self":[{"href":"https:\/\/profskin.ee\/et\/wp-json\/wp\/v2\/product\/7856","targetHints":{"allow":["GET"]}}],"collection":[{"href":"https:\/\/profskin.ee\/et\/wp-json\/wp\/v2\/product"}],"about":[{"href":"https:\/\/profskin.ee\/et\/wp-json\/wp\/v2\/types\/product"}],"wp:featuredmedia":[{"embeddable":true,"href":"https:\/\/profskin.ee\/et\/wp-json\/wp\/v2\/media\/7884"}],"wp:attachment":[{"href":"https:\/\/profskin.ee\/et\/wp-json\/wp\/v2\/media?parent=7856"}],"wp:term":[{"taxonomy":"product_brand","embeddable":true,"href":"https:\/\/profskin.ee\/et\/wp-json\/wp\/v2\/product_brand?post=7856"},{"taxonomy":"product_cat","embeddable":true,"href":"https:\/\/profskin.ee\/et\/wp-json\/wp\/v2\/product_cat?post=7856"},{"taxonomy":"product_tag","embeddable":true,"href":"https:\/\/profskin.ee\/et\/wp-json\/wp\/v2\/product_tag?post=7856"}],"curies":[{"name":"t\u00f6\u00f6leht","href":"https:\/\/api.w.org\/{rel}","templated":true}]}}