{"id":7866,"date":"2025-07-03T21:23:23","date_gmt":"2025-07-03T21:23:23","guid":{"rendered":"https:\/\/profskin.ee\/?post_type=product&#038;p=7866"},"modified":"2026-03-18T15:34:27","modified_gmt":"2026-03-18T15:34:27","slug":"beclarity-blemish-corrector-serum","status":"publish","type":"product","link":"https:\/\/profskin.ee\/et\/toode\/beclarity-blemish-corrector-serum\/","title":{"rendered":"Beclarity Blemish Corrector seerum"},"content":{"rendered":"<h6>Depigmenteeriv n\u00e4oseerum, mis toimib s\u00fcgavuti h\u00fcperpigmentatsiooni erinevatele p\u00f5hjustele. Korrigeerib melaniini tootmist, v\u00e4hendades laikude ja tumedate laikude n\u00e4htavust ning andes \u00fchtlase ja s\u00e4rava jume. Ideaalne epidermise eba\u00fchtlase tooni \u00fchtlustamiseks, olenemata p\u00f5hjusest.<\/h6>\n<p>\u00dchtlane, s\u00e4rav ja tumedate laikudeta nahk.<\/p>\n<div class=\"em-row\">\n<div class=\"em-lg-4 em-col\">\n<h6 class=\"em-font-medium\" style=\"margin-top: 1.2rem; margin-bottom: 1.2rem;\">Toimingud<\/h6>\n<ul>\n<li>Kergendav.<\/li>\n<li>Depigmentatsioon.<\/li>\n<li>Antioks\u00fcdant.<\/li>\n<li>Heledam.<\/li>\n<\/ul>\n<h6 class=\"em-font-medium\" style=\"margin-top: 1.2rem; margin-bottom: 1.2rem;\">Kuidas kasutada<\/h6>\n<ul>\n<li>Kanna n\u00e4ole, kaelale ja dekolteele 3 pumpamist toodet ning masseeri \u00f5rnalt \u00fclespoole suunatud liigutustega, kuni see on t\u00e4ielikult imendunud.<\/li>\n<li>Igap\u00e4evane kasutamine. Hommikul ja \u00f5htul.<\/li>\n<\/ul><\/div>\n<div class=\"em-lg-4 em-col\">\n<h6 class=\"em-font-medium\" style=\"margin-top: 1.2rem; margin-bottom: 1.2rem;\">Toimeained ja koostisosad<\/h6>\n<ul>\n<li><strong>NIATSIINAMIID (niatsiinamiid)<\/strong>\u00dchtlustab nahatooni, eemaldades oks\u00fcdatiivsete ainevahetusprotsesside p\u00f5hjustatud kollakad toonid. Tugev antioks\u00fcdant.<\/li>\n<li><strong>ARBUTIN (Arbutiin)<\/strong>Leesika leheekstrakt. Helendava ja depigmenteeriva toimega melaasma ja p\u00e4ikesekahjustuste korral. Reguleerib melanogeneesi protsessi.<\/li>\n<li><strong>Muud<\/strong>KOOSTIS: VESI, PROP\u00dcLEENGL\u00dcKOOL, GL\u00dcTSERIIN, DIMETIKOON, BUT\u00dcLEENGL\u00dcKOOL, KAPR\u00dc\u00dcL-\/KAPRIINTRIGL\u00dcTSERIID, NIATSIINAMIID, BETAIN, H\u00dcDROL\u00dc\u00dcSITUD NISUJAHU, JOJOBA ESTRID, ARBUTIN, PANTENOOL, ALLANTOIIN, PLANKTONIEKSTRAKT, DIMETIKOON, POL\u00dcGL\u00dcTSER\u00dc\u00dcL-6 DISTEARAAT, GL\u00dcTSER\u00dc\u00dcLSTEARAAT, TOKOFER\u00dc\u00dcLATSETAAT, TSET\u00dc\u00dcLSTEARY\u00dcLALKOHOL, KARBOMEER, POL\u00dcGL\u00dcTSER\u00dc\u00dcL-3 MESILASVAHA, TSET\u00dc\u00dcLALKOHOL, DINAATRIUMDIVESINIKKE\u00dcLEENDIAMIINTETRAATSETAAT, DIMET\u00dc\u00dcLMETOKS\u00dcKROMAN\u00dc\u00dcLPALMITAAT, KSANTAANKUMM, PROP\u00dc\u00dcLGALLAAT, SIDRUNHAPE, TOKOFEROOOL, FENOKS\u00dcETANOOL, PARF\u00dc\u00dcM, ET\u00dc\u00dcLHEKS\u00dc\u00dcLGL\u00dcTSERIIN.<\/li>\n<\/ul><\/div>\n<\/div>","protected":false},"excerpt":{"rendered":"<p>Depigmenteeriv n\u00e4oseerum, mis toimib s\u00fcgavuti h\u00fcperpigmentatsiooni erinevatele p\u00f5hjustele.<\/p>","protected":false},"featured_media":7885,"template":"","meta":[],"product_brand":[67,66,68],"product_cat":[15,73,71,69,74,75,76,72,77,70],"product_tag":[],"class_list":{"0":"post-7866","1":"product","2":"type-product","3":"status-publish","4":"has-post-thumbnail","6":"product_brand-endor-technologies","7":"product_brand-juliette-armand","8":"product_brand-summe-cosmetics","9":"product_cat-all-products","10":"product_cat-body","11":"product_cat-cleansers","12":"product_cat-cream","13":"product_cat-exfoliant","14":"product_cat-eye","15":"product_cat-fluid","16":"product_cat-masks","17":"product_cat-oil","18":"product_cat-serum","20":"first","21":"instock","22":"sale","23":"taxable","24":"shipping-taxable","25":"purchasable","26":"product-type-simple"},"_links":{"self":[{"href":"https:\/\/profskin.ee\/et\/wp-json\/wp\/v2\/product\/7866","targetHints":{"allow":["GET"]}}],"collection":[{"href":"https:\/\/profskin.ee\/et\/wp-json\/wp\/v2\/product"}],"about":[{"href":"https:\/\/profskin.ee\/et\/wp-json\/wp\/v2\/types\/product"}],"wp:featuredmedia":[{"embeddable":true,"href":"https:\/\/profskin.ee\/et\/wp-json\/wp\/v2\/media\/7885"}],"wp:attachment":[{"href":"https:\/\/profskin.ee\/et\/wp-json\/wp\/v2\/media?parent=7866"}],"wp:term":[{"taxonomy":"product_brand","embeddable":true,"href":"https:\/\/profskin.ee\/et\/wp-json\/wp\/v2\/product_brand?post=7866"},{"taxonomy":"product_cat","embeddable":true,"href":"https:\/\/profskin.ee\/et\/wp-json\/wp\/v2\/product_cat?post=7866"},{"taxonomy":"product_tag","embeddable":true,"href":"https:\/\/profskin.ee\/et\/wp-json\/wp\/v2\/product_tag?post=7866"}],"curies":[{"name":"t\u00f6\u00f6leht","href":"https:\/\/api.w.org\/{rel}","templated":true}]}}