{"id":7867,"date":"2025-07-03T21:23:23","date_gmt":"2025-07-03T21:23:23","guid":{"rendered":"https:\/\/profskin.ee\/?post_type=product&#038;p=7867"},"modified":"2026-03-18T15:34:27","modified_gmt":"2026-03-18T15:34:27","slug":"beclarity-blemish-controller-cream-spf-30","status":"publish","type":"product","link":"https:\/\/profskin.ee\/et\/toode\/beclarity-blemish-controller-cream-spf-30\/","title":{"rendered":"Beclarity Blemish Controller Cream SPF 30"},"content":{"rendered":"<h6>Helendava toimega n\u00e4okreem eba\u00fchtlasele nahatoonile. Parandab naha kaitsev\u00f5imet v\u00e4liste ja sisemiste agressioonide eest, mis on otseselt seotud d\u00fcskromia ilmnemisega. Selle niisutavad koostisosad mitte ainult ei hoia nahka niisutatuna, vaid ennetavad ka transepidermaalset veekaotust (TEWL). Ideaalne nahale ennetavas ja s\u00e4ilitusfaasis, samuti rasedatele, suitsetajatele ja neile, kes puutuvad pidevalt kokku reostusega. K\u00f5rge p\u00e4ikesekaitsega koostis.<\/h6>\n<p>Nahk on kaitstud tumedate laikude tekkimise eest.<\/p>\n<div class=\"em-row\">\n<div class=\"em-lg-4 em-col\">\n<h6 class=\"em-font-medium\" style=\"margin-top: 1.2rem; margin-bottom: 1.2rem;\">Toimingud<\/h6>\n<ul>\n<li>Kergendav.<\/li>\n<li>Ninakinnisust leevendav.<\/li>\n<li>Antioks\u00fcdant.<\/li>\n<li>Niisutav.<\/li>\n<li>P\u00e4ikesekaitsekreem.<\/li>\n<\/ul>\n<h6 class=\"em-font-medium\" style=\"margin-top: 1.2rem; margin-bottom: 1.2rem;\">Kuidas kasutada<\/h6>\n<ul>\n<li>Kanna 2 ml (kikerherne suurune) toodet n\u00e4ole, kaelale ja dekolteele. Masseeri \u00f5rnalt, alati \u00fclespoole suunatud liigutustega, kuni see on t\u00e4ielikult imendunud.<\/li>\n<li>Igap\u00e4evaseks kasutamiseks. Hommikul.<\/li>\n<\/ul><\/div>\n<div class=\"em-lg-4 em-col\">\n<h6 class=\"em-font-medium\" style=\"margin-top: 1.2rem; margin-bottom: 1.2rem;\">Toimeained ja koostisosad<\/h6>\n<ul>\n<li><strong>TRANEKSAAMHAPE (traneksaamhape)<\/strong>L\u00fcsiinist saadud s\u00fcnteetiline aminohape. Pakub mitmekordset toimet melaasma vastu ja stabiilsust tundlikule nahale, mis on altid p\u00f5letikulisele h\u00fcperpigmentatsioonile.<\/li>\n<li><strong>E-VITAMIIN (tokofer\u00fc\u00fclatsetaat)<\/strong>M\u00e4ngib v\u00e4ga olulist rolli epidermise rakkude kaitsmisel oks\u00fcdatiivse stressi eest. Tugevdab ka raku lipiidmembraani, suurendades selle kaitset v\u00e4liste agressioonide, n\u00e4iteks reostuse, nikotiini v\u00f5i temperatuurimuutuste eest.<\/li>\n<li><strong>Muud<\/strong>KOOSTIS: VESI, KAPRIIL-\/KAPRIINTRIGL\u00dcTSERIID, NIATSIINAMIID, PROP\u00dcLEENGL\u00dcKOOL, NAATRIUMH\u00dcDROKSIID, BUT\u00dcLEENGL\u00dcKOOL, GL\u00dcTSERIIN, GLYCYRRHIZA GLABRA JUUREKSTRAKT, ET\u00dc\u00dcLHEKS\u00dc\u00dcLMETOKS\u00dcTINAMAAT, BUT\u00dc\u00dcLMETOKS\u00dcDIBENSOO\u00dcLMETAAN, KARBOMEER, TOKOFER\u00dc\u00dcLATSETAAT, TRANEKSAAMHAPE, OKTOKR\u00dcLEEN, ARBUTIN, KAPRIIL-\/KAPRIINTRIGL\u00dcTSERIID, DINAATRIUMDIVESINIKKEERIID, ET\u00dcLEENDIAMIINTETRAATSETAAT, GRANAATPUNA EKSTRAKT, FOSFOLIPIIDID, KAALIUMSORBAAT, PLANKTONIEKSTRAKT, PROP\u00dc\u00dcLGALLAAT, SIDRUNHAPE, TOKOFEROOL, FENOKS\u00dcETANOOL, ET\u00dc\u00dcLHEKS\u00dc\u00dcLGL\u00dcTSERIIN, PARF\u00dc\u00dcM.<\/li>\n<\/ul><\/div>\n<\/div>","protected":false},"excerpt":{"rendered":"<p>Helendava toimega n\u00e4okreem, mis toimib eba\u00fchtlasele nahatoonile.<\/p>","protected":false},"featured_media":7886,"template":"","meta":[],"product_brand":[67,66,68],"product_cat":[15,73,71,69,74,75,76,72,77,70],"product_tag":[],"class_list":{"0":"post-7867","1":"product","2":"type-product","3":"status-publish","4":"has-post-thumbnail","6":"product_brand-endor-technologies","7":"product_brand-juliette-armand","8":"product_brand-summe-cosmetics","9":"product_cat-all-products","10":"product_cat-body","11":"product_cat-cleansers","12":"product_cat-cream","13":"product_cat-exfoliant","14":"product_cat-eye","15":"product_cat-fluid","16":"product_cat-masks","17":"product_cat-oil","18":"product_cat-serum","20":"first","21":"instock","22":"sale","23":"taxable","24":"shipping-taxable","25":"purchasable","26":"product-type-simple"},"_links":{"self":[{"href":"https:\/\/profskin.ee\/et\/wp-json\/wp\/v2\/product\/7867","targetHints":{"allow":["GET"]}}],"collection":[{"href":"https:\/\/profskin.ee\/et\/wp-json\/wp\/v2\/product"}],"about":[{"href":"https:\/\/profskin.ee\/et\/wp-json\/wp\/v2\/types\/product"}],"wp:featuredmedia":[{"embeddable":true,"href":"https:\/\/profskin.ee\/et\/wp-json\/wp\/v2\/media\/7886"}],"wp:attachment":[{"href":"https:\/\/profskin.ee\/et\/wp-json\/wp\/v2\/media?parent=7867"}],"wp:term":[{"taxonomy":"product_brand","embeddable":true,"href":"https:\/\/profskin.ee\/et\/wp-json\/wp\/v2\/product_brand?post=7867"},{"taxonomy":"product_cat","embeddable":true,"href":"https:\/\/profskin.ee\/et\/wp-json\/wp\/v2\/product_cat?post=7867"},{"taxonomy":"product_tag","embeddable":true,"href":"https:\/\/profskin.ee\/et\/wp-json\/wp\/v2\/product_tag?post=7867"}],"curies":[{"name":"t\u00f6\u00f6leht","href":"https:\/\/api.w.org\/{rel}","templated":true}]}}