{"id":7868,"date":"2025-07-03T21:23:23","date_gmt":"2025-07-03T21:23:23","guid":{"rendered":"https:\/\/profskin.ee\/?post_type=product&#038;p=7868"},"modified":"2026-03-18T15:27:23","modified_gmt":"2026-03-18T15:27:23","slug":"beclarity-dark-spot-eraser","status":"publish","type":"product","link":"https:\/\/profskin.ee\/et\/toode\/beclarity-dark-spot-eraser\/","title":{"rendered":"Beclarity Dark Spot Eraser"},"content":{"rendered":"<h6>Kontsentraat, mis on m\u00f5eldud otse lokaliseerunud tumedatele laikudele kandmiseks ja k\u00f5ige kriitilisemate piirkondade selgitava efekti v\u00f5imendamiseks.<\/h6>\n<p>Otse tumedatele laikudele.<\/p>\n<div class=\"em-row\">\n<div class=\"em-lg-4 em-col\">\n<h6 class=\"em-font-medium\" style=\"margin-top: 1.2rem; margin-bottom: 1.2rem;\">Toimingud<\/h6>\n<ul>\n<li>Depigmentatsioon.<\/li>\n<li>Antioks\u00fcdant.<\/li>\n<li>Kergendav.<\/li>\n<\/ul>\n<h6 class=\"em-font-medium\" style=\"margin-top: 1.2rem; margin-bottom: 1.2rem;\">Kuidas kasutada<\/h6>\n<ul>\n<li>Kanna toodet rullaplikaatori abil otse h\u00fcperpigmentatsioonile ja masseeri sihip\u00e4raselt, kuni see imendub.<\/li>\n<li>Igap\u00e4evane kasutamine. Hommikul ja\/v\u00f5i \u00f5htul.<\/li>\n<\/ul><\/div>\n<div class=\"em-lg-4 em-col\">\n<h6 class=\"em-font-medium\" style=\"margin-top: 1.2rem; margin-bottom: 1.2rem;\">Toimeained ja koostisosad<\/h6>\n<ul>\n<li><strong>ASELAIINHAPPE (aselaiinhape)<\/strong>V\u00e4ga stabiilne AHA, mis suurendab rakkude uuenemisv\u00f5imet. L\u00fchendab nahapinnale kogunenud pigmenteerunud korneots\u00fc\u00fctide eluiga.<\/li>\n<li><strong>F\u00dc\u00dcTIINHAPE (f\u00fctiinhape)<\/strong>T\u00fcrosinaasi inhibiitor, mis piirab melaniini moodustumist, muutes selle ideaalseks liitlaseks ka k\u00f5ige pikaajalisema h\u00fcperpigmentatsiooni korral.<\/li>\n<li><strong>Muud<\/strong>KOOSTIS: VESI, DENAATSIOONITU ALKOHOL, NIATSIINAMIID, PROP\u00dcLEENGL\u00dcKOOL, ASELAIINHAPPE, GL\u00dcKOOLHAPE, GL\u00dcTSERIIN, F\u00dc\u00dcTHAPE, ARBUTIN, TRANEKSAAMHAPE, H\u00dcDROKS\u00dcET\u00dc\u00dcLTSELLULOOS, EDTA, FENOKS\u00dcETANOOL, ET\u00dc\u00dcLHEKS\u00dc\u00dcLGL\u00dcTSERIIN.<\/li>\n<\/ul><\/div>\n<\/div>","protected":false},"excerpt":{"rendered":"<p>Kontsentraat, mis on m\u00f5eldud otse lokaliseerunud tumedatele laikudele kandmiseks ja k\u00f5ige kriitilisemate piirkondade selgitava efekti v\u00f5imendamiseks.<\/p>","protected":false},"featured_media":7579,"template":"","meta":[],"product_brand":[67,66,68],"product_cat":[15,73,71,69,74,75,76,72,77,70],"product_tag":[],"class_list":{"0":"post-7868","1":"product","2":"type-product","3":"status-publish","4":"has-post-thumbnail","6":"product_brand-endor-technologies","7":"product_brand-juliette-armand","8":"product_brand-summe-cosmetics","9":"product_cat-all-products","10":"product_cat-body","11":"product_cat-cleansers","12":"product_cat-cream","13":"product_cat-exfoliant","14":"product_cat-eye","15":"product_cat-fluid","16":"product_cat-masks","17":"product_cat-oil","18":"product_cat-serum","20":"first","21":"instock","22":"sale","23":"taxable","24":"shipping-taxable","25":"purchasable","26":"product-type-simple"},"_links":{"self":[{"href":"https:\/\/profskin.ee\/et\/wp-json\/wp\/v2\/product\/7868","targetHints":{"allow":["GET"]}}],"collection":[{"href":"https:\/\/profskin.ee\/et\/wp-json\/wp\/v2\/product"}],"about":[{"href":"https:\/\/profskin.ee\/et\/wp-json\/wp\/v2\/types\/product"}],"wp:featuredmedia":[{"embeddable":true,"href":"https:\/\/profskin.ee\/et\/wp-json\/wp\/v2\/media\/7579"}],"wp:attachment":[{"href":"https:\/\/profskin.ee\/et\/wp-json\/wp\/v2\/media?parent=7868"}],"wp:term":[{"taxonomy":"product_brand","embeddable":true,"href":"https:\/\/profskin.ee\/et\/wp-json\/wp\/v2\/product_brand?post=7868"},{"taxonomy":"product_cat","embeddable":true,"href":"https:\/\/profskin.ee\/et\/wp-json\/wp\/v2\/product_cat?post=7868"},{"taxonomy":"product_tag","embeddable":true,"href":"https:\/\/profskin.ee\/et\/wp-json\/wp\/v2\/product_tag?post=7868"}],"curies":[{"name":"t\u00f6\u00f6leht","href":"https:\/\/api.w.org\/{rel}","templated":true}]}}