{"id":7869,"date":"2025-07-03T21:23:23","date_gmt":"2025-07-03T21:23:23","guid":{"rendered":"https:\/\/profskin.ee\/?post_type=product&#038;p=7869"},"modified":"2026-03-18T15:27:23","modified_gmt":"2026-03-18T15:27:23","slug":"beclarity-dark-spot-correcting-hand-cream-spf30","status":"publish","type":"product","link":"https:\/\/profskin.ee\/et\/toode\/beclarity-dark-spot-correcting-hand-cream-spf30\/","title":{"rendered":"Beclarity Dark Spot Correcting Hand Cream SPF30"},"content":{"rendered":"<h6>K\u00e4tekreem, mis on spetsiaalselt loodud k\u00e4te tumedate pigmendilaikude korrigeerimiseks. Parandab, niisutab, toidab ja kaitseb k\u00e4te nahka igasuguste agressiivsete tegurite eest, v\u00f5ideldes krono- ja fotovananemise vastu. K\u00f5rge p\u00e4ikesekaitsefaktoriga.<\/h6>\n<p>Pehmed, noorenenud k\u00e4ed, millel on kontrolli all olevad tumedad laigud.<\/p>\n<div class=\"em-row\">\n<div class=\"em-lg-4 em-col\">\n<h6 class=\"em-font-medium\" style=\"margin-top: 1.2rem; margin-bottom: 1.2rem;\">Toimingud<\/h6>\n<ul>\n<li>Kergendav.<\/li>\n<li>Antioks\u00fcdant.<\/li>\n<li>Niisutav.<\/li>\n<li>Toitev.<\/li>\n<li>Vananemisvastane.<\/li>\n<li>P\u00e4ikesekaitsekreem.<\/li>\n<\/ul>\n<h6 class=\"em-font-medium\" style=\"margin-top: 1.2rem; margin-bottom: 1.2rem;\">Kuidas kasutada<\/h6>\n<ul>\n<li>Kanna k\u00e4tele 2 ml toodet (kikerherne suurune) ja masseeri \u00f5rnalt, kuni see on t\u00e4ielikult imendunud.<\/li>\n<li>Igap\u00e4evane kasutamine.<\/li>\n<\/ul><\/div>\n<div class=\"em-lg-4 em-col\">\n<h6 class=\"em-font-medium\" style=\"margin-top: 1.2rem; margin-bottom: 1.2rem;\">Toimeained ja koostisosad<\/h6>\n<ul>\n<li><strong>AVOKAADO\u00d5LI (Persea Gratissima Oil)<\/strong>Antioks\u00fcdantne ja taastav. Annab v\u00f5imsa niisutava toime, hoides h\u00fcdrolipiidkihi tasakaalus. Samuti kaitseb UV-kiirte eest.<\/li>\n<li><strong>Lagritsaekstrakt (Glycyrrhiza glabra juureekstrakt)<\/strong>Depigmenteeriv ja fotoprotektiivne.<\/li>\n<li><strong>Muud<\/strong>KOOSTISOSAD: VESI, BUT\u00dcLEENGL\u00dcKOOL, GL\u00dcTSERIIN, PRUNUSA AMYGDALUS DULCIS&#039;E \u00d5LI, SIMMONDSIA CHINENSIS&#039;E SEEMNE\u00d5LI, FOSFOLIPIIDID, PERSEA GRATISSIMA \u00d5LI, TOKOFEROOL, ARBUTIIIN, GLYCYRRHIZA GLABRA JUUREKSTRAKT, TS\u00dcKLOPENTASILOKSAAN, DIKAPR\u00dc\u00dcL\u00dc\u00dcLEETER, H\u00dcDROKS\u00dcET\u00dc\u00dcLAKR\u00dcLAAT, NAATRIUMAKR\u00dcLO\u00dc\u00dcLDIMET\u00dc\u00dcLTAURAADI KOPOL\u00dcMEER, PEG-100 STEARAAT, GL\u00dcTSER\u00dc\u00dcLSTEARAAT, ET\u00dc\u00dcLHEKS\u00dc\u00dcLMETOKS\u00dcTSINNAMAAT, BUT\u00dc\u00dcLMETOKS\u00dcDIBENSOO\u00dcLMETAAN, TOKOFER\u00dc\u00dcLATSETAAT, OKTOKR\u00dcLEEN, KAPRIIL-\/KAPRIINTRIGL\u00dcTSERIID, DINAATRIUMDIVESINIKKE\u00dcLEENDIAMIINTETRAATSETAAT, PROP\u00dc\u00dcLGALLAAT, SIDRUNHAPE FENOKS\u00dcETANOOL, PARF\u00dc\u00dcM, ET\u00dc\u00dcLHEKS\u00dc\u00dcLGL\u00dcTSERIIN.<\/li>\n<\/ul><\/div>\n<\/div>","protected":false},"excerpt":{"rendered":"<p>K\u00e4tekreem, mis on spetsiaalselt loodud k\u00e4tel tekkivate tumedate pigmendilaikude korrigeerimiseks.<\/p>","protected":false},"featured_media":7887,"template":"","meta":[],"product_brand":[67,66,68],"product_cat":[15,73,71,69,74,75,76,72,77,70],"product_tag":[],"class_list":{"0":"post-7869","1":"product","2":"type-product","3":"status-publish","4":"has-post-thumbnail","6":"product_brand-endor-technologies","7":"product_brand-juliette-armand","8":"product_brand-summe-cosmetics","9":"product_cat-all-products","10":"product_cat-body","11":"product_cat-cleansers","12":"product_cat-cream","13":"product_cat-exfoliant","14":"product_cat-eye","15":"product_cat-fluid","16":"product_cat-masks","17":"product_cat-oil","18":"product_cat-serum","20":"first","21":"instock","22":"sale","23":"taxable","24":"shipping-taxable","25":"purchasable","26":"product-type-simple"},"_links":{"self":[{"href":"https:\/\/profskin.ee\/et\/wp-json\/wp\/v2\/product\/7869","targetHints":{"allow":["GET"]}}],"collection":[{"href":"https:\/\/profskin.ee\/et\/wp-json\/wp\/v2\/product"}],"about":[{"href":"https:\/\/profskin.ee\/et\/wp-json\/wp\/v2\/types\/product"}],"wp:featuredmedia":[{"embeddable":true,"href":"https:\/\/profskin.ee\/et\/wp-json\/wp\/v2\/media\/7887"}],"wp:attachment":[{"href":"https:\/\/profskin.ee\/et\/wp-json\/wp\/v2\/media?parent=7869"}],"wp:term":[{"taxonomy":"product_brand","embeddable":true,"href":"https:\/\/profskin.ee\/et\/wp-json\/wp\/v2\/product_brand?post=7869"},{"taxonomy":"product_cat","embeddable":true,"href":"https:\/\/profskin.ee\/et\/wp-json\/wp\/v2\/product_cat?post=7869"},{"taxonomy":"product_tag","embeddable":true,"href":"https:\/\/profskin.ee\/et\/wp-json\/wp\/v2\/product_tag?post=7869"}],"curies":[{"name":"t\u00f6\u00f6leht","href":"https:\/\/api.w.org\/{rel}","templated":true}]}}