{"id":7870,"date":"2025-07-03T21:23:23","date_gmt":"2025-07-03T21:23:23","guid":{"rendered":"https:\/\/profskin.ee\/?post_type=product&#038;p=7870"},"modified":"2026-03-18T15:27:23","modified_gmt":"2026-03-18T15:27:23","slug":"cell-c-cleanning-mousse","status":"publish","type":"product","link":"https:\/\/profskin.ee\/et\/toode\/cell-c-cleanning-mousse\/","title":{"rendered":"Cell C Cleanning Mousse"},"content":{"rendered":"<h6>N\u00e4opuhastusvaht, mis austab naha loomulikku tasakaalu, s\u00e4ilitades selle optimaalse niiskustaseme. Selle vedel konsistents muutub v\u00e4rskeks ja kergeks vahuks, mis eemaldab \u00f5rnalt naha pinnale kogunenud lisandid ja liigse rasu, samuti meigij\u00e4ljed, puhastades nahka s\u00fcgavuti ilma \u00e4rritust tekitamata. Ideaalne normaalsele ja kombineeritud nahale.<\/h6>\n<p>Puhas ja v\u00e4rske nahk, vaba lisanditest.<\/p>\n<div class=\"em-row\">\n<div class=\"em-lg-4 em-col\">\n<h6 class=\"em-font-medium\" style=\"margin-top: 1.2rem; margin-bottom: 1.2rem;\">Toimingud<\/h6>\n<ul>\n<li>Puhastamine.<\/li>\n<li>Niisutav.<\/li>\n<\/ul>\n<h6 class=\"em-font-medium\" style=\"margin-top: 1.2rem; margin-bottom: 1.2rem;\">Kuidas kasutada<\/h6>\n<ul>\n<li>Kanna 2 v\u00f5i 3 pumpamist toodet peopesale ja kanna see ringjate liigutustega n\u00e4ole, kaelale ja dekolteele, kuni meik ja \u00fclej\u00e4\u00e4nud lisandid on maha h\u00f5\u00f5rutud. Loputa veega ja kuivata.<\/li>\n<li>NIPP: T\u00e4ienda n\u00e4opuhastust nahat\u00fc\u00fcbile sobivaima n\u00e4otoonikut kasutades.<\/li>\n<\/ul><\/div>\n<div class=\"em-lg-4 em-col\">\n<h6 class=\"em-font-medium\" style=\"margin-top: 1.2rem; margin-bottom: 1.2rem;\">Toimeained ja koostisosad<\/h6>\n<ul>\n<li><strong>CITRUSTEM\u2122 (Citrus Aurantium Dulcis Callus Culture Extract)<\/strong>Magusast apelsinist saadud t\u00fcvirakud. Rikas C- ja A-vitamiini poolest. Sellel on tugev antioks\u00fcdantne toime, v\u00f5ideldes vabade radikaalide m\u00f5juga. Selle beetakaroteeni kontsentratsioon soodustab \u00fchtlasema sarvkihi teket.<\/li>\n<li><strong>nan<\/strong><\/li>\n<li><strong>Muud<\/strong>KOOSTIS: VESI, NAATRIUMLAUREETSULFAAT, GL\u00dcTSERIIN, KOKO\u00dc\u00dcLMET\u00dc\u00dcLGL\u00dcKAMIID, KAPRO\u00dc\u00dcL\/KAPR\u00dc\u00dcLMET\u00dc\u00dcLGL\u00dcKAMIID, TSITRUSVILJADE KALLUSE EKSTRAKT (CITRUS AURANTIUM DULCIS CALLUS), CI 14720, BENSOFENOON-4, NAATRIUMBENSOAAT, MET\u00dc\u00dcLKLOROISOTIASOLINOON, MET\u00dc\u00dcLISOTIASOLINOON, PARF\u00dc\u00dcM.<\/li>\n<\/ul><\/div>\n<\/div>","protected":false},"excerpt":{"rendered":"<p>N\u00e4opuhastusvaht, mis austab naha loomulikku tasakaalu, s\u00e4ilitades selle optimaalse niisutustaseme.<\/p>","protected":false},"featured_media":7888,"template":"","meta":[],"product_brand":[67,66,68],"product_cat":[15,73,71,69,74,75,76,72,77,70],"product_tag":[],"class_list":{"0":"post-7870","1":"product","2":"type-product","3":"status-publish","4":"has-post-thumbnail","6":"product_brand-endor-technologies","7":"product_brand-juliette-armand","8":"product_brand-summe-cosmetics","9":"product_cat-all-products","10":"product_cat-body","11":"product_cat-cleansers","12":"product_cat-cream","13":"product_cat-exfoliant","14":"product_cat-eye","15":"product_cat-fluid","16":"product_cat-masks","17":"product_cat-oil","18":"product_cat-serum","20":"first","21":"instock","22":"sale","23":"taxable","24":"shipping-taxable","25":"purchasable","26":"product-type-simple"},"_links":{"self":[{"href":"https:\/\/profskin.ee\/et\/wp-json\/wp\/v2\/product\/7870","targetHints":{"allow":["GET"]}}],"collection":[{"href":"https:\/\/profskin.ee\/et\/wp-json\/wp\/v2\/product"}],"about":[{"href":"https:\/\/profskin.ee\/et\/wp-json\/wp\/v2\/types\/product"}],"wp:featuredmedia":[{"embeddable":true,"href":"https:\/\/profskin.ee\/et\/wp-json\/wp\/v2\/media\/7888"}],"wp:attachment":[{"href":"https:\/\/profskin.ee\/et\/wp-json\/wp\/v2\/media?parent=7870"}],"wp:term":[{"taxonomy":"product_brand","embeddable":true,"href":"https:\/\/profskin.ee\/et\/wp-json\/wp\/v2\/product_brand?post=7870"},{"taxonomy":"product_cat","embeddable":true,"href":"https:\/\/profskin.ee\/et\/wp-json\/wp\/v2\/product_cat?post=7870"},{"taxonomy":"product_tag","embeddable":true,"href":"https:\/\/profskin.ee\/et\/wp-json\/wp\/v2\/product_tag?post=7870"}],"curies":[{"name":"t\u00f6\u00f6leht","href":"https:\/\/api.w.org\/{rel}","templated":true}]}}