{"id":7871,"date":"2025-07-03T21:23:23","date_gmt":"2025-07-03T21:23:23","guid":{"rendered":"https:\/\/profskin.ee\/?post_type=product&#038;p=7871"},"modified":"2026-03-18T15:32:51","modified_gmt":"2026-03-18T15:32:51","slug":"hydro-c-cream","status":"publish","type":"product","link":"https:\/\/profskin.ee\/et\/toode\/hydro-c-cream\/","title":{"rendered":"Hydro C kreem"},"content":{"rendered":"<h6>Antioks\u00fcdantse toimega n\u00e4ogeelkreem, mis on loodud noorele publikule, kes soovib vananemisprotsessi ennetada. Selle koostis sisaldab C-vitamiini, taastab loomuliku h\u00fcdrolipiidbarj\u00e4\u00e4ri ning soodustab \u00fchtlase ja s\u00e4rava naha saavutamist. Normaalsele ja rasusele nahale. Ideaalne meestele.<\/h6>\n<p>V\u00e4rske ja niisutatud nahk ilma j\u00e4\u00e4kideta nahapinnal.<\/p>\n<div class=\"em-row\">\n<div class=\"em-lg-4 em-col\">\n<h6 class=\"em-font-medium\" style=\"margin-top: 1.2rem; margin-bottom: 1.2rem;\">Toimingud<\/h6>\n<ul>\n<li>Niisutav.<\/li>\n<li>Antioks\u00fcdant.<\/li>\n<li>Keratol\u00fc\u00fctiline.<\/li>\n<\/ul>\n<h6 class=\"em-font-medium\" style=\"margin-top: 1.2rem; margin-bottom: 1.2rem;\">Kuidas kasutada<\/h6>\n<ul>\n<li>Kanna 2 ml (kikerherne suurune) toodet n\u00e4ole, kaelale ja dekolteele. Masseeri \u00f5rnalt \u00fclespoole suunatud liigutustega, kuni see on t\u00e4ielikult imendunud.<\/li>\n<li>Kasutage iga p\u00e4ev, hommikul ja \u00f5htul.<\/li>\n<\/ul><\/div>\n<div class=\"em-lg-4 em-col\">\n<h6 class=\"em-font-medium\" style=\"margin-top: 1.2rem; margin-bottom: 1.2rem;\">Toimeained ja koostisosad<\/h6>\n<ul>\n<li><strong>H\u00dcALUROONHAPPE (naatriumh\u00fcaluronaat)<\/strong>K\u00f5rge ja madala molekulmassiga. See kombinatsioon niisutab s\u00fcgavuti naha s\u00fcgavamaid kihte ja taastab optimaalse niisutustaseme, takistades pinnavee v\u00e4ljap\u00e4\u00e4su.<\/li>\n<li><strong>STABILISEERITUD C-VITAMIIN (naatriumaskorb\u00fc\u00fclfosfaat)<\/strong>Stimuleerib kollageeni s\u00fcnteesi, parandades nahatooni. M\u00f5jutab melaniini s\u00fcnteesi, \u00fchtlustades ja parandades nahav\u00e4rvi.<\/li>\n<li><strong>Muud<\/strong>KOOSTIS: VESI, KAP\u00dc\u00dcL-\/KAPRIINTRIGL\u00dcTSERIID, DIKAPR\u00dc\u00dcLEETER, GL\u00dcTSERIIN, NAATRIUMH\u00dcALURONAAT, KARBOMEER, TSET\u00dc\u00dcLALKOHOL, TS\u00dcKLOPENTASILOKSAAN, GL\u00dcTSER\u00dc\u00dcLSTEARAAT, NAATRIUMASKORB\u00dc\u00dcLFOSFAAT, PIIMHAPE, SIDRUNHAPE, NAATRIUMTSITRAAT, PEG-75 STEARAT, TSETET-20, STEARETH-20, TOKOFER\u00dc\u00dcLATSETAAT, PROP\u00dc\u00dcLGALLAAT, TOKOFEROOLI, TETRANAATRIUMGLUTAMAATDIATSETAAT, KSANTAANKUMM, FENOKS\u00dcETANOOL, ET\u00dc\u00dcLHEKS\u00dc\u00dcLGL\u00dcTSERIIN, PARF\u00dc\u00dcM.<\/li>\n<\/ul><\/div>\n<\/div>","protected":false},"excerpt":{"rendered":"<p>Antioks\u00fcdantse toimega n\u00e4ogeelkreem, mis on loodud noorele publikule, kes soovib vananemisprotsessi ennetada.<\/p>","protected":false},"featured_media":7889,"template":"","meta":[],"product_brand":[67,66,68],"product_cat":[15,73,71,69,74,75,76,72,77,70],"product_tag":[],"class_list":{"0":"post-7871","1":"product","2":"type-product","3":"status-publish","4":"has-post-thumbnail","6":"product_brand-endor-technologies","7":"product_brand-juliette-armand","8":"product_brand-summe-cosmetics","9":"product_cat-all-products","10":"product_cat-body","11":"product_cat-cleansers","12":"product_cat-cream","13":"product_cat-exfoliant","14":"product_cat-eye","15":"product_cat-fluid","16":"product_cat-masks","17":"product_cat-oil","18":"product_cat-serum","20":"first","21":"instock","22":"sale","23":"taxable","24":"shipping-taxable","25":"purchasable","26":"product-type-simple"},"_links":{"self":[{"href":"https:\/\/profskin.ee\/et\/wp-json\/wp\/v2\/product\/7871","targetHints":{"allow":["GET"]}}],"collection":[{"href":"https:\/\/profskin.ee\/et\/wp-json\/wp\/v2\/product"}],"about":[{"href":"https:\/\/profskin.ee\/et\/wp-json\/wp\/v2\/types\/product"}],"wp:featuredmedia":[{"embeddable":true,"href":"https:\/\/profskin.ee\/et\/wp-json\/wp\/v2\/media\/7889"}],"wp:attachment":[{"href":"https:\/\/profskin.ee\/et\/wp-json\/wp\/v2\/media?parent=7871"}],"wp:term":[{"taxonomy":"product_brand","embeddable":true,"href":"https:\/\/profskin.ee\/et\/wp-json\/wp\/v2\/product_brand?post=7871"},{"taxonomy":"product_cat","embeddable":true,"href":"https:\/\/profskin.ee\/et\/wp-json\/wp\/v2\/product_cat?post=7871"},{"taxonomy":"product_tag","embeddable":true,"href":"https:\/\/profskin.ee\/et\/wp-json\/wp\/v2\/product_tag?post=7871"}],"curies":[{"name":"t\u00f6\u00f6leht","href":"https:\/\/api.w.org\/{rel}","templated":true}]}}