{"id":7872,"date":"2025-07-03T21:23:23","date_gmt":"2025-07-03T21:23:23","guid":{"rendered":"https:\/\/profskin.ee\/?post_type=product&#038;p=7872"},"modified":"2026-03-18T15:27:23","modified_gmt":"2026-03-18T15:27:23","slug":"de-tox-pollution-serum","status":"publish","type":"product","link":"https:\/\/profskin.ee\/et\/toode\/de-tox-pollution-serum\/","title":{"rendered":"De Tox saasteainete seerum"},"content":{"rendered":"<h6>Saastevastane n\u00e4oseerum, mis sisaldab k\u00f5rge kontsentratsiooniga kaitsvaid ja taastavaid prebiootilisi toimeaineid. Sisaldab kelaativaid aineid, mis t\u00f5mbavad ligi kahjulikke \u00f5husaasteosakesi, takistades neil rakkudesse sisenemist ja maatriksi kahjustamist. Neutraliseerib oks\u00fcdatiivset stressi, tugevdab mikrobioomi loomulikku immuuns\u00fcsteemi ja kaitseb nooruse rakkude biomarkereid. Toimib &quot;supertoiduna&quot;, pakkudes rakkudele maksimaalset toitainete annet, et parandada ja taastada oma koefunktsioone.<\/h6>\n<p>Kaitsev kilp n\u00e4htamatute v\u00e4liste agressorite eest.<\/p>\n<div class=\"em-row\">\n<div class=\"em-lg-4 em-col\">\n<h6 class=\"em-font-medium\" style=\"margin-top: 1.2rem; margin-bottom: 1.2rem;\">Toimingud<\/h6>\n<ul>\n<li>Antioks\u00fcdant<\/li>\n<li>Saastet\u00f5rje<\/li>\n<li>Fotoprotektiivne<\/li>\n<li>Niisutav<\/li>\n<\/ul>\n<h6 class=\"em-font-medium\" style=\"margin-top: 1.2rem; margin-bottom: 1.2rem;\">Kuidas kasutada<\/h6>\n<ul>\n<li>Kanna toodet peopesale ja masseeri \u00f5rnalt n\u00e4gu, kaela ja dekolteed. Seda saab nahale tungida elektroporatsiooni teel sinise fototeraapia re\u017eiimis.<\/li>\n<li>nan<\/li>\n<\/ul><\/div>\n<div class=\"em-lg-4 em-col\">\n<h6 class=\"em-font-medium\" style=\"margin-top: 1.2rem; margin-bottom: 1.2rem;\">Toimeained ja koostisosad<\/h6>\n<ul>\n<li><strong>PIIMOHAKA EKSTRAKT (Silybum Marianum ekstrakt)<\/strong>V\u00f5imas antioks\u00fcdant ja saastevastane toime. Sisaldab sil\u00fcmariini, aktiivset koostisosa, millel on antiradikaalsed omadused, mis neutraliseerib ROS-i esinemist ja p\u00e4rsib prostaglandiinide vabanemist. Suurendab endogeense glutatiooni taset, tugevdades kelaativat toimet saastest p\u00e4rit raskmetallidele.<\/li>\n<li><strong>KLORELLA VETIKA EKSTRAKT (Hariliku klorella ekstrakt)<\/strong>SUPERTOIT. Sisaldab \u00fcle 20 vitamiini ja mineraalaine, mis muudavad selle eriti v\u00e4\u00e4rtuslikuks naha s\u00fcgavtoitmiseks. Samuti rikas valkude poolest ja sisaldab k\u00f5iki asendamatuid aminohappeid. Sellel on v\u00e4ga oluline stimuleeriv toime immuuns\u00fcsteemile.<\/li>\n<li><strong>Muud<\/strong>KOOSTIS: VESI, PROP\u00dcLEENGL\u00dcKOOL, GL\u00dcTSERIIN, MAARJAKU (SILYBUM MARIANUM) EKSTRAKT, KAMELIAA (CAMELLIA SINENSIS) LEHE EKSTRAKT, NIATSIINAMIID, KURKHAPU (BELLIS PERENNIS) \u00d5IE EKSTRAKT, KAALIUMSORBAAT, NAATRIUMFOSFAAT, HAPUKUPU (FUCUS VISICULOSUS) EKSTRAKT, FENOKS\u00dcETANOOL, PROPAANDIOOL, HARBEENI (CHLORELLA VULGARIS) EKSTRAKT, NAATRIUMH\u00dcALURONAAT, PIIMHAPE, PEG-40 H\u00dcDROGENISEERITUD RITSINUS\u00d5LI, TRIETANOLAMIIN, PARF\u00dc\u00dcM, KARBOMEER, DINAATRIUM EDTA, ET\u00dc\u00dcLHEKS\u00dc\u00dcLGL\u00dcTSERIIN.<\/li>\n<\/ul><\/div>\n<\/div>","protected":false},"excerpt":{"rendered":"<p>Saastevastane n\u00e4oseerum, mis sisaldab k\u00f5rge kontsentratsiooniga kaitsvaid ja taastavaid prebiootilisi toimeaineid.<\/p>","protected":false},"featured_media":7890,"template":"","meta":[],"product_brand":[67,66,68],"product_cat":[15,73,71,69,74,75,76,72,77,70],"product_tag":[],"class_list":{"0":"post-7872","1":"product","2":"type-product","3":"status-publish","4":"has-post-thumbnail","6":"product_brand-endor-technologies","7":"product_brand-juliette-armand","8":"product_brand-summe-cosmetics","9":"product_cat-all-products","10":"product_cat-body","11":"product_cat-cleansers","12":"product_cat-cream","13":"product_cat-exfoliant","14":"product_cat-eye","15":"product_cat-fluid","16":"product_cat-masks","17":"product_cat-oil","18":"product_cat-serum","20":"first","21":"instock","22":"sale","23":"taxable","24":"shipping-taxable","25":"purchasable","26":"product-type-simple"},"_links":{"self":[{"href":"https:\/\/profskin.ee\/et\/wp-json\/wp\/v2\/product\/7872","targetHints":{"allow":["GET"]}}],"collection":[{"href":"https:\/\/profskin.ee\/et\/wp-json\/wp\/v2\/product"}],"about":[{"href":"https:\/\/profskin.ee\/et\/wp-json\/wp\/v2\/types\/product"}],"wp:featuredmedia":[{"embeddable":true,"href":"https:\/\/profskin.ee\/et\/wp-json\/wp\/v2\/media\/7890"}],"wp:attachment":[{"href":"https:\/\/profskin.ee\/et\/wp-json\/wp\/v2\/media?parent=7872"}],"wp:term":[{"taxonomy":"product_brand","embeddable":true,"href":"https:\/\/profskin.ee\/et\/wp-json\/wp\/v2\/product_brand?post=7872"},{"taxonomy":"product_cat","embeddable":true,"href":"https:\/\/profskin.ee\/et\/wp-json\/wp\/v2\/product_cat?post=7872"},{"taxonomy":"product_tag","embeddable":true,"href":"https:\/\/profskin.ee\/et\/wp-json\/wp\/v2\/product_tag?post=7872"}],"curies":[{"name":"t\u00f6\u00f6leht","href":"https:\/\/api.w.org\/{rel}","templated":true}]}}