{"id":7873,"date":"2025-07-03T21:23:23","date_gmt":"2025-07-03T21:23:23","guid":{"rendered":"https:\/\/profskin.ee\/?post_type=product&#038;p=7873"},"modified":"2026-03-18T15:27:23","modified_gmt":"2026-03-18T15:27:23","slug":"de-tox-pollution-cream-spf20","status":"publish","type":"product","link":"https:\/\/profskin.ee\/et\/toode\/de-tox-pollution-cream-spf20\/","title":{"rendered":"De Tox saastekreem SPF20"},"content":{"rendered":"<h6>Saastevastane prebiootiline n\u00e4okreem, mis toimib p\u00e4eva jooksul kaitsekilbina. Blokeerib saastavate mikroosakeste kleepumist ja naharakkudesse sattumist, takistades neil seega naha loomulikku kaitsebarj\u00e4\u00e4ri kahjustamist, vananemisprotsessi kiirendamist ja suurenenud reaktiivsust.<\/h6>\n<p>Tugevdab mikrobioota loomulikku immuuns\u00fcsteemi.<\/p>\n<div class=\"em-row\">\n<div class=\"em-lg-4 em-col\">\n<h6 class=\"em-font-medium\" style=\"margin-top: 1.2rem; margin-bottom: 1.2rem;\">Toimingud<\/h6>\n<ul>\n<li>Saastet\u00f5rje<\/li>\n<li>Fotoprotektiivne<\/li>\n<li>Niisutav<\/li>\n<\/ul>\n<h6 class=\"em-font-medium\" style=\"margin-top: 1.2rem; margin-bottom: 1.2rem;\">Kuidas kasutada<\/h6>\n<ul>\n<li>Kanna 2 ml toodet n\u00e4ole, kaelale ja dekolteele ning masseeri \u00f5rnalt \u00fclespoole suunatud liigutustega, kuni see on t\u00e4ielikult imendunud. Kaitse s\u00e4ilitamiseks kanna toodet sageli uuesti peale.<\/li>\n<li>Igap\u00e4evaseks kasutamiseks. Hommikul.<\/li>\n<\/ul><\/div>\n<div class=\"em-lg-4 em-col\">\n<h6 class=\"em-font-medium\" style=\"margin-top: 1.2rem; margin-bottom: 1.2rem;\">Toimeained ja koostisosad<\/h6>\n<ul>\n<li><strong>SPIRULINA VETIKA EKSTRAKT (Spirulina Maxima ekstrakt)<\/strong>SUPERTOIT. Rikas valkude, aminohapete, vitamiinide ja mineraalide poolest. See on k\u00f5rgeima klorof\u00fclli kontsentratsiooniga vetikas. See annab nahale noorendavat energiat, suurendades niisutustaset. Sellel on v\u00f5imas DNA ahelaid taastav toime. V\u00f5imas antioks\u00fcdantne, detoksifitseeriv ja saastevastane toime.<\/li>\n<li><strong>Beetagl\u00fckaan<\/strong>Prebiootikum, mis stimuleerib naha kaitsva floora vohamist, tugevdades loomulikku barj\u00e4\u00e4ri, mis kaitseb nahka keskkonnastressi eest ja parandab naha immuunsust.<\/li>\n<li><strong>Muud<\/strong>KOOSTIS: VESI, DIMETIKOON, PROPAANDIOOL, DIISOPROP\u00dc\u00dcLADIPAAT, LETSITIIN, AKR\u00dc\u00dcLHAPPE\/AKR\u00dc\u00dcLAMIDOMET\u00dc\u00dcLPROPAANSULFOONHAPPE KOPOL\u00dcMEER, DIMET\u00dc\u00dcLMETOKS\u00dcKROMANOOL, GL\u00dcTSER\u00dc\u00dcLKAPRULAAT, KSANTAANKUMM, ET\u00dc\u00dcLHEKS\u00dc\u00dcLMETOKS\u00dcTINAMAAT, OKTOKR\u00dcLEEN, BUT\u00dc\u00dcLMETOKS\u00dcDIBENSOO\u00dcLMETAAN, FOSFOLIPIIDID, BUT\u00dcLEENGL\u00dcKOOL, FENOKS\u00dcETANOOL, H\u00dcALUROONHAPPE, POL\u00dcAKR\u00dc\u00dcLAMIID, C13-14 ISOPARAFIIN, LAURETH-7, GL\u00dcTSERIIN, SPIRULINA MAXIMA EKSTRAKT, GL\u00dcKOGEEN, ATSET\u00dc\u00dcLTETRAPEPTIID-22, PROP\u00dcLEENGL\u00dcKOOL, BEEKLAANE, FENOKS\u00dcETANOOL, SAIALILLE\u00d5LI, TOKOFE\u00dc\u00dcLATSETAAT, PARF\u00dc\u00dcM, KAPRIIL-\/KAPRIINTRIGL\u00dcTSERIID, PROP\u00dc\u00dcLGALLAAT, SIDRUNHAPE, TOKOFEROOL, L-KARNOSIIIN, DINAATRIUM EDTA, PIIMHAPE, ET\u00dc\u00dcLHEKS\u00dc\u00dcLGL\u00dcTSERIIN.<\/li>\n<\/ul><\/div>\n<\/div>","protected":false},"excerpt":{"rendered":"<p>Saastevastane prebiootiline n\u00e4okreem, mis toimib p\u00e4eva jooksul kaitsekilbina.<\/p>","protected":false},"featured_media":7891,"template":"","meta":[],"product_brand":[67,66,68],"product_cat":[15,73,71,69,74,75,76,72,77,70],"product_tag":[],"class_list":{"0":"post-7873","1":"product","2":"type-product","3":"status-publish","4":"has-post-thumbnail","6":"product_brand-endor-technologies","7":"product_brand-juliette-armand","8":"product_brand-summe-cosmetics","9":"product_cat-all-products","10":"product_cat-body","11":"product_cat-cleansers","12":"product_cat-cream","13":"product_cat-exfoliant","14":"product_cat-eye","15":"product_cat-fluid","16":"product_cat-masks","17":"product_cat-oil","18":"product_cat-serum","20":"first","21":"instock","22":"sale","23":"taxable","24":"shipping-taxable","25":"purchasable","26":"product-type-simple"},"_links":{"self":[{"href":"https:\/\/profskin.ee\/et\/wp-json\/wp\/v2\/product\/7873","targetHints":{"allow":["GET"]}}],"collection":[{"href":"https:\/\/profskin.ee\/et\/wp-json\/wp\/v2\/product"}],"about":[{"href":"https:\/\/profskin.ee\/et\/wp-json\/wp\/v2\/types\/product"}],"wp:featuredmedia":[{"embeddable":true,"href":"https:\/\/profskin.ee\/et\/wp-json\/wp\/v2\/media\/7891"}],"wp:attachment":[{"href":"https:\/\/profskin.ee\/et\/wp-json\/wp\/v2\/media?parent=7873"}],"wp:term":[{"taxonomy":"product_brand","embeddable":true,"href":"https:\/\/profskin.ee\/et\/wp-json\/wp\/v2\/product_brand?post=7873"},{"taxonomy":"product_cat","embeddable":true,"href":"https:\/\/profskin.ee\/et\/wp-json\/wp\/v2\/product_cat?post=7873"},{"taxonomy":"product_tag","embeddable":true,"href":"https:\/\/profskin.ee\/et\/wp-json\/wp\/v2\/product_tag?post=7873"}],"curies":[{"name":"t\u00f6\u00f6leht","href":"https:\/\/api.w.org\/{rel}","templated":true}]}}