{"id":7874,"date":"2025-07-03T21:23:23","date_gmt":"2025-07-03T21:23:23","guid":{"rendered":"https:\/\/profskin.ee\/?post_type=product&#038;p=7874"},"modified":"2026-03-18T15:34:27","modified_gmt":"2026-03-18T15:34:27","slug":"glaciar-hand-hydration","status":"publish","type":"product","link":"https:\/\/profskin.ee\/et\/toode\/glaciar-hand-hydration\/","title":{"rendered":"Glaciar Hand Hydration"},"content":{"rendered":"<h6>H\u00fcdro-toitev k\u00e4tekreem igap\u00e4evaseks hoolduseks. Niisutab ja toidab, taastades k\u00f5ige kahjustunud ja kannatada saanud k\u00e4te naha. Kergesti imenduv ja rasvavaba tekstuur.<\/h6>\n<p>Niisutatud ja toidetud k\u00e4ed ilma rasvase tundeta.<\/p>\n<div class=\"em-row\">\n<div class=\"em-lg-4 em-col\">\n<h6 class=\"em-font-medium\" style=\"margin-top: 1.2rem; margin-bottom: 1.2rem;\">Toimingud<\/h6>\n<ul>\n<li>Niisutav.<\/li>\n<li>Remontimine.<\/li>\n<\/ul>\n<h6 class=\"em-font-medium\" style=\"margin-top: 1.2rem; margin-bottom: 1.2rem;\">Kuidas kasutada<\/h6>\n<ul>\n<li>Kandke kolm pumpamist toodet k\u00e4tele ja k\u00fc\u00fcnarvartele ning masseerige \u00f5rnalt, kuni toode on t\u00e4ielikult imendunud.<\/li>\n<li>nan<\/li>\n<\/ul><\/div>\n<div class=\"em-lg-4 em-col\">\n<h6 class=\"em-font-medium\" style=\"margin-top: 1.2rem; margin-bottom: 1.2rem;\">Toimeained ja koostisosad<\/h6>\n<ul>\n<li><strong>LIPOSOMNE LIUSTIKEVESI<\/strong>\u00c4\u00e4rmiselt puhas ja v\u00e4rskendav vesi. Liposomaalne kapseldamine suurendab naha imendumist.<\/li>\n<li><strong>SOJALETSITIIIN (letsitiin)<\/strong>Tugevdab rakkude sidusust, pakkudes paindlikkust. Selle regenereeriv funktsioon, mis on n\u00e4htav epidermise v\u00e4limistes kihtides, hoiab h\u00fcdrolipiidkihi struktureerituna, et see saaks oma barj\u00e4\u00e4rifunktsiooni korrektselt t\u00e4ita.<\/li>\n<li><strong>Muud<\/strong>KOOSTIS: VESI, GL\u00dcTSERIIN, DIKAPR\u00dc\u00dcLEETER, TSET\u00dc\u00dcLALKOHOL, GL\u00dcTSER\u00dc\u00dcLSTEARAAT, LETSITIIN, TSETET-20, STEARETH-20, PEG-75 STEARAT, KARBOMEER, KSANTAANKUMM, DENAATSIOONITU ALKOHOL, NAATRIUMH\u00dcDROKSIID, FENOKS\u00dcETANOOL, ET\u00dc\u00dcLHEKS\u00dc\u00dcLGL\u00dcTSERIIN, PARF\u00dc\u00dcM.<\/li>\n<\/ul><\/div>\n<\/div>","protected":false},"excerpt":{"rendered":"<p>H\u00fcdro-toitev k\u00e4tekreem igap\u00e4evaseks hoolduseks. Niisutab ja toidab, taastades k\u00f5ige kahjustunud ja kannatada saanud k\u00e4te naha. Kergesti imenduv ja rasvavaba tekstuur.<\/p>","protected":false},"featured_media":7892,"template":"","meta":[],"product_brand":[67,66,68],"product_cat":[15,73,71,69,74,75,76,72,77,70],"product_tag":[],"class_list":{"0":"post-7874","1":"product","2":"type-product","3":"status-publish","4":"has-post-thumbnail","6":"product_brand-endor-technologies","7":"product_brand-juliette-armand","8":"product_brand-summe-cosmetics","9":"product_cat-all-products","10":"product_cat-body","11":"product_cat-cleansers","12":"product_cat-cream","13":"product_cat-exfoliant","14":"product_cat-eye","15":"product_cat-fluid","16":"product_cat-masks","17":"product_cat-oil","18":"product_cat-serum","20":"first","21":"instock","22":"sale","23":"taxable","24":"shipping-taxable","25":"purchasable","26":"product-type-simple"},"_links":{"self":[{"href":"https:\/\/profskin.ee\/et\/wp-json\/wp\/v2\/product\/7874","targetHints":{"allow":["GET"]}}],"collection":[{"href":"https:\/\/profskin.ee\/et\/wp-json\/wp\/v2\/product"}],"about":[{"href":"https:\/\/profskin.ee\/et\/wp-json\/wp\/v2\/types\/product"}],"wp:featuredmedia":[{"embeddable":true,"href":"https:\/\/profskin.ee\/et\/wp-json\/wp\/v2\/media\/7892"}],"wp:attachment":[{"href":"https:\/\/profskin.ee\/et\/wp-json\/wp\/v2\/media?parent=7874"}],"wp:term":[{"taxonomy":"product_brand","embeddable":true,"href":"https:\/\/profskin.ee\/et\/wp-json\/wp\/v2\/product_brand?post=7874"},{"taxonomy":"product_cat","embeddable":true,"href":"https:\/\/profskin.ee\/et\/wp-json\/wp\/v2\/product_cat?post=7874"},{"taxonomy":"product_tag","embeddable":true,"href":"https:\/\/profskin.ee\/et\/wp-json\/wp\/v2\/product_tag?post=7874"}],"curies":[{"name":"t\u00f6\u00f6leht","href":"https:\/\/api.w.org\/{rel}","templated":true}]}}